{"id":122,"date":"2023-08-21T12:54:00","date_gmt":"2023-08-21T12:54:00","guid":{"rendered":"https:\/\/www.onboart.com\/?page_id=122"},"modified":"2025-03-17T13:05:01","modified_gmt":"2025-03-17T13:05:01","slug":"equipo-interior-touch-ups-para-yates","status":"publish","type":"page","link":"https:\/\/www.onboart.com\/index.php\/es\/equipo-interior-touch-ups-para-yates\/","title":{"rendered":"equipo"},"content":{"rendered":"\t\t<div data-elementor-type=\"wp-page\" data-elementor-id=\"122\" class=\"elementor elementor-122\" data-elementor-settings=\"{&quot;ha_cmc_init_switcher&quot;:&quot;no&quot;}\" data-elementor-post-type=\"page\">\n\t\t\t\t\t\t<section class=\"elementor-section elementor-top-section elementor-element elementor-element-93bcb29 elementor-section-full_width elementor-section-height-default elementor-section-height-default\" data-id=\"93bcb29\" data-element_type=\"section\" data-settings=\"{&quot;_ha_eqh_enable&quot;:false}\">\n\t\t\t\t\t\t<div class=\"elementor-container elementor-column-gap-default\">\n\t\t\t\t\t<div class=\"elementor-column elementor-col-100 elementor-top-column elementor-element elementor-element-d7dd04f\" data-id=\"d7dd04f\" data-element_type=\"column\">\n\t\t\t<div class=\"elementor-widget-wrap elementor-element-populated\">\n\t\t\t\t\t\t<div class=\"elementor-element elementor-element-7eab4d1 elementor-widget elementor-widget-slider_revolution\" data-id=\"7eab4d1\" data-element_type=\"widget\" data-widget_type=\"slider_revolution.default\">\n\t\t\t\t<div class=\"elementor-widget-container\">\n\t\t\t\n\t\t<div class=\"wp-block-themepunch-revslider\">\n\t\t\t<!-- START Slider 1 REVOLUTION SLIDER 6.6.11 --><p class=\"rs-p-wp-fix\"><\/p>\n\t\t\t<rs-module-wrap id=\"rev_slider_2_1_wrapper\" data-source=\"gallery\" style=\"visibility:hidden;background:transparent;padding:0;margin:0px auto;margin-top:0;margin-bottom:0;\">\n\t\t\t\t<rs-module id=\"rev_slider_2_1\" style=\"\" data-version=\"6.6.11\">\n\t\t\t\t\t<rs-slides style=\"overflow: hidden; position: absolute;\">\n\t\t\t\t\t\t<rs-slide style=\"position: absolute;\" data-key=\"rs-1\" data-title=\"Slide\" data-in=\"o:0;\" data-out=\"a:false;\">\n\t\t\t\t\t\t\t<img fetchpriority=\"high\" decoding=\"async\" src=\"\/\/www.onboart.com\/wp-content\/plugins\/revslider\/public\/assets\/assets\/dummy.png\" alt=\"\" title=\"superyate-navegando\" width=\"1920\" height=\"1080\" class=\"rev-slidebg tp-rs-img rs-lazyload\" data-lazyload=\"\/\/www.onboart.com\/wp-content\/uploads\/2023\/03\/superyate-navegando.webp\" data-no-retina>\n<!--\n\t\t\t\t\t\t\t--><rs-layer\n\t\t\t\t\t\t\t\tid=\"slider-2-slide-1-layer-0\" \n\t\t\t\t\t\t\t\tdata-type=\"image\"\n\t\t\t\t\t\t\t\tdata-rsp_ch=\"on\"\n\t\t\t\t\t\t\t\tdata-xy=\"x:c;y:m;\"\n\t\t\t\t\t\t\t\tdata-text=\"w:normal;s:20,20,12,7;l:0,0,15,9;\"\n\t\t\t\t\t\t\t\tdata-dim=\"w:1000px,1000px,626px,386px;h:190px,190px,118px,72px;\"\n\t\t\t\t\t\t\t\tdata-frame_999=\"o:0;st:w;\"\n\t\t\t\t\t\t\t\tstyle=\"z-index:5;\"\n\t\t\t\t\t\t\t><img decoding=\"async\" src=\"\/\/www.onboart.com\/wp-content\/plugins\/revslider\/public\/assets\/assets\/dummy.png\" alt=\"OnboArt Touch Up Mallorca logo\" class=\"tp-rs-img rs-lazyload\" width=\"208\" height=\"39\" data-lazyload=\"\/\/www.onboart.com\/wp-content\/uploads\/2023\/03\/onboart-logo.svg\" data-no-retina> \n\t\t\t\t\t\t\t<\/rs-layer><!--\n\n\t\t\t\t\t\t\t--><rs-layer\n\t\t\t\t\t\t\t\tid=\"slider-2-slide-1-layer-1\" \n\t\t\t\t\t\t\t\tclass=\"tp-shape tp-shapewrapper tp-lottie\"\n\t\t\t\t\t\t\t\tdata-type=\"shape\"\n\t\t\t\t\t\t\t\tdata-rsp_ch=\"on\"\n\t\t\t\t\t\t\t\tdata-xy=\"x:c;y:m;yo:250px,250px,156px,96px;\"\n\t\t\t\t\t\t\t\tdata-text=\"w:normal;s:20,20,12,7;l:0,0,15,9;\"\n\t\t\t\t\t\t\t\tdata-dim=\"w:123px,123px,76px,46px;h:74,74,46,28;\"\n\t\t\t\t\t\t\t\tdata-frame_999=\"o:0;st:w;\"\n\t\t\t\t\t\t\t\tdata-lottie='{\"jsonUrl\":\"https:\\\/\\\/www.onboart.com\\\/wp-content\\\/uploads\\\/revslider\\\/lottie\\\/objects\\\/lottiecustoms\\\/95825-mouse-scroll.json\",\"duration\":2800,\"autoplay\":true,\"respectTlStart\":false,\"endlessLoop\":true,\"reverse\":false,\"repeat\":-1,\"type\":\"svg\",\"size\":\"contain\",\"progressiveLoad\":false,\"hideTransparent\":false,\"interType\":\"disabled\",\"lerp\":0,\"easeType\":\"default\",\"continuePlaying\":false,\"scrollActions\":false,\"scrollLerp\":0.1,\"editorEnabled\":false}' \n\t\t\t\t\t\t\t\tstyle=\"z-index:6;\"\n\t\t\t\t\t\t\t> \n\t\t\t\t\t\t\t<\/rs-layer><!--\n-->\t\t\t\t\t\t<\/rs-slide>\n\t\t\t\t\t<\/rs-slides>\n\t\t\t\t<\/rs-module>\n\t\t\t\t<script>\n\t\t\t\t\tsetREVStartSize({c: 'rev_slider_2_1',rl:[1240,1240,778,480],el:[900,900,960,720],gw:[1240,1240,778,480],gh:[900,900,960,720],type:'hero',justify:'',layout:'fullwidth',mh:\"0\"});if (window.RS_MODULES!==undefined && window.RS_MODULES.modules!==undefined && window.RS_MODULES.modules[\"revslider21\"]!==undefined) {window.RS_MODULES.modules[\"revslider21\"].once = false;window.revapi2 = undefined;if (window.RS_MODULES.checkMinimal!==undefined) window.RS_MODULES.checkMinimal()}\n\t\t\t\t<\/script>\n\t\t\t<\/rs-module-wrap>\n\t\t\t<!-- END REVOLUTION SLIDER -->\n<\/div>\n\n\t\t\t\t<\/div>\n\t\t\t\t<\/div>\n\t\t\t\t\t<\/div>\n\t\t<\/div>\n\t\t\t\t\t<\/div>\n\t\t<\/section>\n\t\t\t\t<section class=\"elementor-section elementor-top-section elementor-element elementor-element-6872f39 elementor-section-boxed elementor-section-height-default elementor-section-height-default\" data-id=\"6872f39\" data-element_type=\"section\" data-settings=\"{&quot;_ha_eqh_enable&quot;:false}\">\n\t\t\t\t\t\t<div class=\"elementor-container elementor-column-gap-default\">\n\t\t\t\t\t<div class=\"elementor-column elementor-col-50 elementor-top-column elementor-element elementor-element-85ca995\" data-id=\"85ca995\" data-element_type=\"column\">\n\t\t\t<div class=\"elementor-widget-wrap elementor-element-populated\">\n\t\t\t\t\t\t<div class=\"elementor-element elementor-element-777e22b elementor-widget elementor-widget-heading\" data-id=\"777e22b\" data-element_type=\"widget\" data-widget_type=\"heading.default\">\n\t\t\t\t<div class=\"elementor-widget-container\">\n\t\t\t<style>\/*! elementor - v3.20.0 - 26-03-2024 *\/\n.elementor-heading-title{padding:0;margin:0;line-height:1}.elementor-widget-heading .elementor-heading-title[class*=elementor-size-]>a{color:inherit;font-size:inherit;line-height:inherit}.elementor-widget-heading .elementor-heading-title.elementor-size-small{font-size:15px}.elementor-widget-heading .elementor-heading-title.elementor-size-medium{font-size:19px}.elementor-widget-heading .elementor-heading-title.elementor-size-large{font-size:29px}.elementor-widget-heading .elementor-heading-title.elementor-size-xl{font-size:39px}.elementor-widget-heading .elementor-heading-title.elementor-size-xxl{font-size:59px}<\/style><h1 class=\"elementor-heading-title elementor-size-default\">Equipo especializado en touch ups para yates<\/h1>\t\t<\/div>\n\t\t\t\t<\/div>\n\t\t\t\t<div class=\"elementor-element elementor-element-5acb513 elementor-widget elementor-widget-heading\" data-id=\"5acb513\" data-element_type=\"widget\" data-widget_type=\"heading.default\">\n\t\t\t\t<div class=\"elementor-widget-container\">\n\t\t\t<h2 class=\"elementor-heading-title elementor-size-default\">ONBOART<\/h2>\t\t<\/div>\n\t\t\t\t<\/div>\n\t\t\t\t<div class=\"elementor-element elementor-element-0ea5136 elementor-widget elementor-widget-text-editor\" data-id=\"0ea5136\" data-element_type=\"widget\" data-widget_type=\"text-editor.default\">\n\t\t\t\t<div class=\"elementor-widget-container\">\n\t\t\t<style>\/*! elementor - v3.20.0 - 26-03-2024 *\/\n.elementor-widget-text-editor.elementor-drop-cap-view-stacked .elementor-drop-cap{background-color:#69727d;color:#fff}.elementor-widget-text-editor.elementor-drop-cap-view-framed .elementor-drop-cap{color:#69727d;border:3px solid;background-color:transparent}.elementor-widget-text-editor:not(.elementor-drop-cap-view-default) .elementor-drop-cap{margin-top:8px}.elementor-widget-text-editor:not(.elementor-drop-cap-view-default) .elementor-drop-cap-letter{width:1em;height:1em}.elementor-widget-text-editor .elementor-drop-cap{float:left;text-align:center;line-height:1;font-size:50px}.elementor-widget-text-editor .elementor-drop-cap-letter{display:inline-block}<\/style>\t\t\t\t<p class=\"p1\">OnboArt es una empresa especializada restauraci\u00f3n de mobiliario y superficies de interiores en el sector n\u00e1utico, SUPERYATES.<\/p><p class=\"p1\">OnboArt es la mezcla de las palablas On-board, Abordo, y Art, Arte.<\/p><p class=\"p1\">Aunque muchas veces la inspiraci\u00f3n puede ayudarnos a solucionar un defecto, es necesario saber bien lo que se hace, y aplicar la t\u00e9cnica adecuada. Es f\u00e1cil empeorar el problema si no se hace lo correcto, y un da\u00f1o que ten\u00eda soluci\u00f3n deje de tenerla.<\/p>\t\t\t\t\t\t<\/div>\n\t\t\t\t<\/div>\n\t\t\t\t\t<\/div>\n\t\t<\/div>\n\t\t\t\t<div class=\"elementor-column elementor-col-50 elementor-top-column elementor-element elementor-element-df07fbe\" data-id=\"df07fbe\" data-element_type=\"column\">\n\t\t\t<div class=\"elementor-widget-wrap elementor-element-populated\">\n\t\t\t\t\t\t<div class=\"elementor-element elementor-element-867cf47 elementor-widget elementor-widget-image\" data-id=\"867cf47\" data-element_type=\"widget\" data-widget_type=\"image.default\">\n\t\t\t\t<div class=\"elementor-widget-container\">\n\t\t\t<style>\/*! elementor - v3.20.0 - 26-03-2024 *\/\n.elementor-widget-image{text-align:center}.elementor-widget-image a{display:inline-block}.elementor-widget-image a img[src$=\".svg\"]{width:48px}.elementor-widget-image img{vertical-align:middle;display:inline-block}<\/style>\t\t\t\t\t\t\t\t\t\t<img decoding=\"async\" width=\"800\" height=\"450\" src=\"https:\/\/www.onboart.com\/wp-content\/uploads\/2023\/08\/equipo-01-1024x576.webp\" class=\"attachment-large size-large wp-image-111\" alt=\"Contact Onboart Touch Up Mallorca\" srcset=\"https:\/\/www.onboart.com\/wp-content\/uploads\/2023\/08\/equipo-01-1024x576.webp 1024w, https:\/\/www.onboart.com\/wp-content\/uploads\/2023\/08\/equipo-01-300x169.webp 300w, https:\/\/www.onboart.com\/wp-content\/uploads\/2023\/08\/equipo-01-768x432.webp 768w, https:\/\/www.onboart.com\/wp-content\/uploads\/2023\/08\/equipo-01-1536x864.webp 1536w, https:\/\/www.onboart.com\/wp-content\/uploads\/2023\/08\/equipo-01.webp 1600w\" sizes=\"(max-width: 800px) 100vw, 800px\" \/>\t\t\t\t\t\t\t\t\t\t\t\t\t<\/div>\n\t\t\t\t<\/div>\n\t\t\t\t\t<\/div>\n\t\t<\/div>\n\t\t\t\t\t<\/div>\n\t\t<\/section>\n\t\t\t\t<section class=\"elementor-section elementor-top-section elementor-element elementor-element-ba4d5c3 elementor-section-boxed elementor-section-height-default elementor-section-height-default\" data-id=\"ba4d5c3\" data-element_type=\"section\" data-settings=\"{&quot;background_background&quot;:&quot;classic&quot;,&quot;_ha_eqh_enable&quot;:false}\">\n\t\t\t\t\t\t<div class=\"elementor-container elementor-column-gap-default\">\n\t\t\t\t\t<div class=\"elementor-column elementor-col-50 elementor-top-column elementor-element elementor-element-b6e0203\" data-id=\"b6e0203\" data-element_type=\"column\">\n\t\t\t<div class=\"elementor-widget-wrap elementor-element-populated\">\n\t\t\t\t\t\t<div class=\"elementor-element elementor-element-b294df7 elementor-icon-list--layout-traditional elementor-list-item-link-full_width elementor-widget elementor-widget-icon-list\" data-id=\"b294df7\" data-element_type=\"widget\" data-widget_type=\"icon-list.default\">\n\t\t\t\t<div class=\"elementor-widget-container\">\n\t\t\t<link rel=\"stylesheet\" href=\"https:\/\/www.onboart.com\/wp-content\/plugins\/elementor\/assets\/css\/widget-icon-list.min.css\">\t\t<ul class=\"elementor-icon-list-items\">\n\t\t\t\t\t\t\t<li class=\"elementor-icon-list-item\">\n\t\t\t\t\t\t\t\t\t\t\t<span class=\"elementor-icon-list-icon\">\n\t\t\t\t\t\t\t<svg aria-hidden=\"true\" class=\"e-font-icon-svg e-fas-minus\" viewBox=\"0 0 448 512\" xmlns=\"http:\/\/www.w3.org\/2000\/svg\"><path d=\"M416 208H32c-17.67 0-32 14.33-32 32v32c0 17.67 14.33 32 32 32h384c17.67 0 32-14.33 32-32v-32c0-17.67-14.33-32-32-32z\"><\/path><\/svg>\t\t\t\t\t\t<\/span>\n\t\t\t\t\t\t\t\t\t\t<span class=\"elementor-icon-list-text\">OUR PHILOSOPHY<\/span>\n\t\t\t\t\t\t\t\t\t<\/li>\n\t\t\t\t\t\t<\/ul>\n\t\t\t\t<\/div>\n\t\t\t\t<\/div>\n\t\t\t\t<div class=\"elementor-element elementor-element-57d4a7a elementor-widget elementor-widget-heading\" data-id=\"57d4a7a\" data-element_type=\"widget\" data-widget_type=\"heading.default\">\n\t\t\t\t<div class=\"elementor-widget-container\">\n\t\t\t<h2 class=\"elementor-heading-title elementor-size-default\">DAVID RICO<\/h2>\t\t<\/div>\n\t\t\t\t<\/div>\n\t\t\t\t<div class=\"elementor-element elementor-element-b06fa06 elementor-widget elementor-widget-text-editor\" data-id=\"b06fa06\" data-element_type=\"widget\" data-widget_type=\"text-editor.default\">\n\t\t\t\t<div class=\"elementor-widget-container\">\n\t\t\t\t\t\t\t<p class=\"p1\">David Rico es el fundador, entr\u00f3 en el a\u00f1o 2008 en el sector de la restauraci\u00f3n de mobiliario, yates de lujo, como una aplicaci\u00f3n de las t\u00e9cnicas de construcci\u00f3n de maquetas arquitect\u00f3nicas real\u00edsticas, desarrollando y aplicando una amplia gama de t\u00e9cnicas de reparaci\u00f3n hasta la actualidad.<\/p>\t\t\t\t\t\t<\/div>\n\t\t\t\t<\/div>\n\t\t\t\t\t<\/div>\n\t\t<\/div>\n\t\t\t\t<div class=\"elementor-column elementor-col-50 elementor-top-column elementor-element elementor-element-67f5bd0\" data-id=\"67f5bd0\" data-element_type=\"column\">\n\t\t\t<div class=\"elementor-widget-wrap elementor-element-populated\">\n\t\t\t\t\t\t<div class=\"elementor-element elementor-element-83bce47 elementor-widget elementor-widget-image\" data-id=\"83bce47\" data-element_type=\"widget\" data-widget_type=\"image.default\">\n\t\t\t\t<div class=\"elementor-widget-container\">\n\t\t\t\t\t\t\t\t\t\t\t\t\t<img loading=\"lazy\" decoding=\"async\" width=\"800\" height=\"761\" src=\"https:\/\/www.onboart.com\/wp-content\/uploads\/2023\/08\/david-rico-1024x974.webp\" class=\"attachment-large size-large wp-image-112\" alt=\"David Rico Onboart Touch Up Mallorca\" srcset=\"https:\/\/www.onboart.com\/wp-content\/uploads\/2023\/08\/david-rico-1024x974.webp 1024w, https:\/\/www.onboart.com\/wp-content\/uploads\/2023\/08\/david-rico-300x285.webp 300w, https:\/\/www.onboart.com\/wp-content\/uploads\/2023\/08\/david-rico-768x731.webp 768w, https:\/\/www.onboart.com\/wp-content\/uploads\/2023\/08\/david-rico.webp 1154w\" sizes=\"(max-width: 800px) 100vw, 800px\" \/>\t\t\t\t\t\t\t\t\t\t\t\t\t<\/div>\n\t\t\t\t<\/div>\n\t\t\t\t\t<\/div>\n\t\t<\/div>\n\t\t\t\t\t<\/div>\n\t\t<\/section>\n\t\t\t\t<\/div>\n\t\t","protected":false},"excerpt":{"rendered":"<p>Equipo especializado en touch ups para yates ONBOART OnboArt es una empresa especializada restauraci\u00f3n de mobiliario y superficies de interiores en el sector n\u00e1utico, SUPERYATES. OnboArt es la mezcla de las palablas On-board, Abordo, y Art, Arte. Aunque muchas veces la inspiraci\u00f3n puede ayudarnos a solucionar un defecto, es necesario saber bien lo que se [&hellip;]<\/p>\n","protected":false},"author":1,"featured_media":0,"parent":0,"menu_order":0,"comment_status":"closed","ping_status":"closed","template":"","meta":{"footnotes":""},"class_list":["post-122","page","type-page","status-publish","hentry"],"yoast_head":"<!-- This site is optimized with the Yoast SEO plugin v27.4 - https:\/\/yoast.com\/product\/yoast-seo-wordpress\/ -->\n<title>equipo - Onboart<\/title>\n<meta name=\"robots\" content=\"index, follow, max-snippet:-1, max-image-preview:large, max-video-preview:-1\" \/>\n<link rel=\"canonical\" href=\"https:\/\/www.onboart.com\/index.php\/es\/equipo-interior-touch-ups-para-yates\/\" \/>\n<meta property=\"og:locale\" content=\"es_ES\" \/>\n<meta property=\"og:type\" content=\"article\" \/>\n<meta property=\"og:title\" content=\"equipo - Onboart\" \/>\n<meta property=\"og:description\" content=\"Equipo especializado en touch ups para yates ONBOART OnboArt es una empresa especializada restauraci\u00f3n de mobiliario y superficies de interiores en el sector n\u00e1utico, SUPERYATES. OnboArt es la mezcla de las palablas On-board, Abordo, y Art, Arte. Aunque muchas veces la inspiraci\u00f3n puede ayudarnos a solucionar un defecto, es necesario saber bien lo que se [&hellip;]\" \/>\n<meta property=\"og:url\" content=\"https:\/\/www.onboart.com\/index.php\/es\/equipo-interior-touch-ups-para-yates\/\" \/>\n<meta property=\"og:site_name\" content=\"Onboart\" \/>\n<meta property=\"article:modified_time\" content=\"2025-03-17T13:05:01+00:00\" \/>\n<meta property=\"og:image\" content=\"https:\/\/www.onboart.com\/wp-content\/uploads\/2023\/08\/equipo-01-1024x576.webp\" \/>\n<meta name=\"twitter:card\" content=\"summary_large_image\" \/>\n<meta name=\"twitter:label1\" content=\"Tiempo de lectura\" \/>\n\t<meta name=\"twitter:data1\" content=\"2 minutos\" \/>\n<script type=\"application\/ld+json\" class=\"yoast-schema-graph\">{\"@context\":\"https:\\\/\\\/schema.org\",\"@graph\":[{\"@type\":\"WebPage\",\"@id\":\"https:\\\/\\\/www.onboart.com\\\/index.php\\\/es\\\/equipo-interior-touch-ups-para-yates\\\/\",\"url\":\"https:\\\/\\\/www.onboart.com\\\/index.php\\\/es\\\/equipo-interior-touch-ups-para-yates\\\/\",\"name\":\"equipo - Onboart\",\"isPartOf\":{\"@id\":\"https:\\\/\\\/www.onboart.com\\\/#website\"},\"primaryImageOfPage\":{\"@id\":\"https:\\\/\\\/www.onboart.com\\\/index.php\\\/es\\\/equipo-interior-touch-ups-para-yates\\\/#primaryimage\"},\"image\":{\"@id\":\"https:\\\/\\\/www.onboart.com\\\/index.php\\\/es\\\/equipo-interior-touch-ups-para-yates\\\/#primaryimage\"},\"thumbnailUrl\":\"https:\\\/\\\/www.onboart.com\\\/wp-content\\\/uploads\\\/2023\\\/08\\\/equipo-01-1024x576.webp\",\"datePublished\":\"2023-08-21T12:54:00+00:00\",\"dateModified\":\"2025-03-17T13:05:01+00:00\",\"breadcrumb\":{\"@id\":\"https:\\\/\\\/www.onboart.com\\\/index.php\\\/es\\\/equipo-interior-touch-ups-para-yates\\\/#breadcrumb\"},\"inLanguage\":\"es\",\"potentialAction\":[{\"@type\":\"ReadAction\",\"target\":[\"https:\\\/\\\/www.onboart.com\\\/index.php\\\/es\\\/equipo-interior-touch-ups-para-yates\\\/\"]}]},{\"@type\":\"ImageObject\",\"inLanguage\":\"es\",\"@id\":\"https:\\\/\\\/www.onboart.com\\\/index.php\\\/es\\\/equipo-interior-touch-ups-para-yates\\\/#primaryimage\",\"url\":\"https:\\\/\\\/www.onboart.com\\\/wp-content\\\/uploads\\\/2023\\\/08\\\/equipo-01-1024x576.webp\",\"contentUrl\":\"https:\\\/\\\/www.onboart.com\\\/wp-content\\\/uploads\\\/2023\\\/08\\\/equipo-01-1024x576.webp\"},{\"@type\":\"BreadcrumbList\",\"@id\":\"https:\\\/\\\/www.onboart.com\\\/index.php\\\/es\\\/equipo-interior-touch-ups-para-yates\\\/#breadcrumb\",\"itemListElement\":[{\"@type\":\"ListItem\",\"position\":1,\"name\":\"Portada\",\"item\":\"https:\\\/\\\/www.onboart.com\\\/\"},{\"@type\":\"ListItem\",\"position\":2,\"name\":\"equipo\"}]},{\"@type\":\"WebSite\",\"@id\":\"https:\\\/\\\/www.onboart.com\\\/#website\",\"url\":\"https:\\\/\\\/www.onboart.com\\\/\",\"name\":\"Onboart\",\"description\":\"Super Yachts touch ups\",\"potentialAction\":[{\"@type\":\"SearchAction\",\"target\":{\"@type\":\"EntryPoint\",\"urlTemplate\":\"https:\\\/\\\/www.onboart.com\\\/?s={search_term_string}\"},\"query-input\":{\"@type\":\"PropertyValueSpecification\",\"valueRequired\":true,\"valueName\":\"search_term_string\"}}],\"inLanguage\":\"es\"}]}<\/script>\n<!-- \/ Yoast SEO plugin. -->","yoast_head_json":{"title":"equipo - Onboart","robots":{"index":"index","follow":"follow","max-snippet":"max-snippet:-1","max-image-preview":"max-image-preview:large","max-video-preview":"max-video-preview:-1"},"canonical":"https:\/\/www.onboart.com\/index.php\/es\/equipo-interior-touch-ups-para-yates\/","og_locale":"es_ES","og_type":"article","og_title":"equipo - Onboart","og_description":"Equipo especializado en touch ups para yates ONBOART OnboArt es una empresa especializada restauraci\u00f3n de mobiliario y superficies de interiores en el sector n\u00e1utico, SUPERYATES. OnboArt es la mezcla de las palablas On-board, Abordo, y Art, Arte. Aunque muchas veces la inspiraci\u00f3n puede ayudarnos a solucionar un defecto, es necesario saber bien lo que se [&hellip;]","og_url":"https:\/\/www.onboart.com\/index.php\/es\/equipo-interior-touch-ups-para-yates\/","og_site_name":"Onboart","article_modified_time":"2025-03-17T13:05:01+00:00","og_image":[{"url":"https:\/\/www.onboart.com\/wp-content\/uploads\/2023\/08\/equipo-01-1024x576.webp","type":"","width":"","height":""}],"twitter_card":"summary_large_image","twitter_misc":{"Tiempo de lectura":"2 minutos"},"schema":{"@context":"https:\/\/schema.org","@graph":[{"@type":"WebPage","@id":"https:\/\/www.onboart.com\/index.php\/es\/equipo-interior-touch-ups-para-yates\/","url":"https:\/\/www.onboart.com\/index.php\/es\/equipo-interior-touch-ups-para-yates\/","name":"equipo - Onboart","isPartOf":{"@id":"https:\/\/www.onboart.com\/#website"},"primaryImageOfPage":{"@id":"https:\/\/www.onboart.com\/index.php\/es\/equipo-interior-touch-ups-para-yates\/#primaryimage"},"image":{"@id":"https:\/\/www.onboart.com\/index.php\/es\/equipo-interior-touch-ups-para-yates\/#primaryimage"},"thumbnailUrl":"https:\/\/www.onboart.com\/wp-content\/uploads\/2023\/08\/equipo-01-1024x576.webp","datePublished":"2023-08-21T12:54:00+00:00","dateModified":"2025-03-17T13:05:01+00:00","breadcrumb":{"@id":"https:\/\/www.onboart.com\/index.php\/es\/equipo-interior-touch-ups-para-yates\/#breadcrumb"},"inLanguage":"es","potentialAction":[{"@type":"ReadAction","target":["https:\/\/www.onboart.com\/index.php\/es\/equipo-interior-touch-ups-para-yates\/"]}]},{"@type":"ImageObject","inLanguage":"es","@id":"https:\/\/www.onboart.com\/index.php\/es\/equipo-interior-touch-ups-para-yates\/#primaryimage","url":"https:\/\/www.onboart.com\/wp-content\/uploads\/2023\/08\/equipo-01-1024x576.webp","contentUrl":"https:\/\/www.onboart.com\/wp-content\/uploads\/2023\/08\/equipo-01-1024x576.webp"},{"@type":"BreadcrumbList","@id":"https:\/\/www.onboart.com\/index.php\/es\/equipo-interior-touch-ups-para-yates\/#breadcrumb","itemListElement":[{"@type":"ListItem","position":1,"name":"Portada","item":"https:\/\/www.onboart.com\/"},{"@type":"ListItem","position":2,"name":"equipo"}]},{"@type":"WebSite","@id":"https:\/\/www.onboart.com\/#website","url":"https:\/\/www.onboart.com\/","name":"Onboart","description":"Super Yachts touch ups","potentialAction":[{"@type":"SearchAction","target":{"@type":"EntryPoint","urlTemplate":"https:\/\/www.onboart.com\/?s={search_term_string}"},"query-input":{"@type":"PropertyValueSpecification","valueRequired":true,"valueName":"search_term_string"}}],"inLanguage":"es"}]}},"_links":{"self":[{"href":"https:\/\/www.onboart.com\/index.php\/wp-json\/wp\/v2\/pages\/122","targetHints":{"allow":["GET"]}}],"collection":[{"href":"https:\/\/www.onboart.com\/index.php\/wp-json\/wp\/v2\/pages"}],"about":[{"href":"https:\/\/www.onboart.com\/index.php\/wp-json\/wp\/v2\/types\/page"}],"author":[{"embeddable":true,"href":"https:\/\/www.onboart.com\/index.php\/wp-json\/wp\/v2\/users\/1"}],"replies":[{"embeddable":true,"href":"https:\/\/www.onboart.com\/index.php\/wp-json\/wp\/v2\/comments?post=122"}],"version-history":[{"count":13,"href":"https:\/\/www.onboart.com\/index.php\/wp-json\/wp\/v2\/pages\/122\/revisions"}],"predecessor-version":[{"id":286,"href":"https:\/\/www.onboart.com\/index.php\/wp-json\/wp\/v2\/pages\/122\/revisions\/286"}],"wp:attachment":[{"href":"https:\/\/www.onboart.com\/index.php\/wp-json\/wp\/v2\/media?parent=122"}],"curies":[{"name":"wp","href":"https:\/\/api.w.org\/{rel}","templated":true}]}}